{"id":1145,"date":"2014-09-23T03:14:41","date_gmt":"2014-09-22T23:14:41","guid":{"rendered":"http:\/\/www.orthodiakonia.de\/?page_id=1145"},"modified":"2016-08-06T19:32:24","modified_gmt":"2016-08-06T17:32:24","slug":"karte","status":"publish","type":"page","link":"https:\/\/www.orthodiakonia.de\/de\/ueber_uns\/karte\/","title":{"rendered":"Karte"},"content":{"rendered":"<p><!--<iframe loading=\"lazy\" src=\"https:\/\/mapsengine.google.com\/map\/embed?mid=zPCmvL-dnWQE.k-LfYDb0wJ-E\" width=\"738\" height=\"600\">--><br \/>\n<iframe loading=\"lazy\" src=\"https:\/\/www.google.com\/maps\/d\/embed?mid=1rx27S6yJbo4KF1_RBaziwXPNync&#038;z=5\" width=\"640\" height=\"480\"><\/iframe><\/p>\n<table style = \"width: 640px;\">\n<tbody>\n<tr>\n<td> <strong> Deutschland:   <\/strong><\/td>\n<\/tr>\n<tr>\n<td> Berlin (Gruppe)\n<\/td>\n<td> Dresden\n<\/td>\n<td> Leipzig\n<\/td>\n<td> T\u00fcbingen\n<\/td>\n<td> N\u00fcrnberg\n<\/td>\n<\/tr>\n<tr>\n<td> Regensburg (Gruppe)\n<\/td>\n<td> Heidelberg\n<\/td>\n<td> W\u00fcrzburg\n<\/td>\n<td> M\u00fcnchen (Gruppe)\n<\/td>\n<td> Stuttgart (Gruppe)\n<\/td>\n<\/tr>\n<tr>\n<td> Karlsruhe\n<\/td>\n<td> Baden Baden (Gruppe)\n<\/td>\n<td> Mainz\n<\/td>\n<td> Wiesbaden\n<\/td>\n<td> Frankfurt\n<\/td>\n<\/tr>\n<tr>\n<td> Saarbr\u00fccken\n<\/td>\n<td> K\u00f6ln (Gruppe)\n<\/td>\n<td> Bonn (Gruppe)\n<\/td>\n<td> Essen\n<\/td>\n<td> Bochum\n<\/td>\n<\/tr>\n<tr>\n<td> Dortmund\n<\/td>\n<td> D\u00fcsseldorf\n<\/td>\n<td> Krefeld\n<\/td>\n<td> Cleve\n<\/td>\n<td> Duisburg\n<\/td>\n<\/tr>\n<tr>\n<td> Bielefeld\n<\/td>\n<td> Bremen\n<\/td>\n<td> Munster\n<\/td>\n<td> Bremerskhafen\n<\/td>\n<td> Hamburg\n<\/td>\n<\/tr>\n<tr>\n<td> Greiswald\n<\/td>\n<td> Freiburg\n<\/td>\n<\/tr>\n<tr>\n<td> <strong> Frankreich:   <\/strong><\/td>\n<\/tr>\n<tr>\n<td> Paris  <\/td>\n<\/tr>\n<tr>\n<td> <strong> Gro\u00dfbritannien:   <\/strong><\/td>\n<\/tr>\n<tr>\n<td> London\n<\/td>\n<td> Edinburgh\n<\/td>\n<\/tr>\n<tr>\n<td> <strong> Spanien:  <\/strong><\/td>\n<\/tr>\n<tr>\n<td> Barcelona  <\/td>\n<\/tr>\n<tr>\n<td> <strong> Niederlande:  <\/strong><\/td>\n<\/tr>\n<tr>\n<td> Amsterdam\n<\/td>\n<td> Nijmegen\n<\/td>\n<td> Delft\n<\/td>\n<\/tr>\n<tr>\n<td> <strong> Belgien:  <\/strong><\/td>\n<\/tr>\n<tr>\n<td> San Luc  <\/td>\n<\/tr>\n<tr>\n<td> <strong> \u00d6sterreich:  <\/strong><\/td>\n<\/tr>\n<tr>\n<td> Wien\n<\/td>\n<td> Graz\n<\/td>\n<\/tr>\n<tr>\n<td> <strong> Russland:   <\/strong><\/td>\n<\/tr>\n<tr>\n<td> Moskau\n<\/td>\n<td> St. Petersburg\n<\/td>\n<td> Ekateninburg\n<\/td>\n<td> Krasnoyarsk\n<\/td>\n<\/tr>\n<tr>\n<td> <strong> Ukraine:   <\/strong><\/td>\n<\/tr>\n<tr>\n<td> Kiew\n<\/td>\n<td> Kharkiv\n<\/td>\n<\/tr>\n<tr>\n<td> <strong> Wei\u00dfrussland:  <\/strong><\/td>\n<\/tr>\n<tr>\n<td> Minsk\n<\/td>\n<td> Homel\n<\/td>\n<\/tr>\n<tr>\n<td> <strong> USA:<br \/>\n<\/strong><\/td>\n<\/tr>\n<tr>\n<td> New York\n<\/td>\n<td> Boston\n<\/td>\n<\/tr>\n<tr>\n<td> <strong> Israel:  <\/p>\n<tr>\n<td> Tel Aviv\n<\/td>\n<\/tr>\n<p><\/strong><\/td>\n<\/tr>\n<\/tbody>\n<\/table>\n<hr \/>\n<p> <a href=\"\/wp-content\/uploads\/2016\/08\/DEsmallDE.png\"><img loading=\"lazy\" decoding=\"async\" src=\"\/wp-content\/uploads\/2016\/08\/DEsmallDE-204x300.png\" alt=\"DEsmallDE\" width=\"204\" height=\"300\" class=\"alignnone size-medium wp-image-9203\" srcset=\"https:\/\/www.orthodiakonia.de\/wp-content\/uploads\/2016\/08\/DEsmallDE-204x300.png 204w, https:\/\/www.orthodiakonia.de\/wp-content\/uploads\/2016\/08\/DEsmallDE-695x1024.png 695w, https:\/\/www.orthodiakonia.de\/wp-content\/uploads\/2016\/08\/DEsmallDE.png 734w\" sizes=\"auto, (max-width: 204px) 100vw, 204px\" \/><\/a><\/p>\n","protected":false},"excerpt":{"rendered":"<p>Deutschland: Berlin (Gruppe) Dresden Leipzig T\u00fcbingen N\u00fcrnberg Regensburg (Gruppe) Heidelberg W\u00fcrzburg M\u00fcnchen (Gruppe) Stuttgart (Gruppe) Karlsruhe Baden Baden (Gruppe) Mainz Wiesbaden Frankfurt Saarbr\u00fccken K\u00f6ln (Gruppe) Bonn (Gruppe) Essen Bochum Dortmund D\u00fcsseldorf Krefeld Cleve Duisburg Bielefeld Bremen Munster Bremerskhafen Hamburg Greiswald Freiburg Frankreich: Paris Gro\u00dfbritannien: London Edinburgh Spanien: Barcelona Niederlande: Amsterdam Nijmegen Delft Belgien: San Luc \u00d6sterreich: Wien Graz Russland: Moskau St. Petersburg Ekateninburg Krasnoyarsk Ukraine: Kiew Kharkiv Wei\u00dfrussland: Minsk Homel&#8230;<a href=\"https:\/\/www.orthodiakonia.de\/de\/ueber_uns\/karte\/\" class=\"read_link\"><span>weiterlesen<\/span><\/a><\/p>\n","protected":false},"author":11,"featured_media":0,"parent":198,"menu_order":0,"comment_status":"closed","ping_status":"closed","template":"","meta":{"_monsterinsights_skip_tracking":false,"_monsterinsights_sitenote_active":false,"_monsterinsights_sitenote_note":"","_monsterinsights_sitenote_category":0,"footnotes":""},"class_list":["post-1145","page","type-page","status-publish","hentry"],"_links":{"self":[{"href":"https:\/\/www.orthodiakonia.de\/de\/wp-json\/wp\/v2\/pages\/1145","targetHints":{"allow":["GET"]}}],"collection":[{"href":"https:\/\/www.orthodiakonia.de\/de\/wp-json\/wp\/v2\/pages"}],"about":[{"href":"https:\/\/www.orthodiakonia.de\/de\/wp-json\/wp\/v2\/types\/page"}],"author":[{"embeddable":true,"href":"https:\/\/www.orthodiakonia.de\/de\/wp-json\/wp\/v2\/users\/11"}],"replies":[{"embeddable":true,"href":"https:\/\/www.orthodiakonia.de\/de\/wp-json\/wp\/v2\/comments?post=1145"}],"version-history":[{"count":5,"href":"https:\/\/www.orthodiakonia.de\/de\/wp-json\/wp\/v2\/pages\/1145\/revisions"}],"predecessor-version":[{"id":9205,"href":"https:\/\/www.orthodiakonia.de\/de\/wp-json\/wp\/v2\/pages\/1145\/revisions\/9205"}],"up":[{"embeddable":true,"href":"https:\/\/www.orthodiakonia.de\/de\/wp-json\/wp\/v2\/pages\/198"}],"wp:attachment":[{"href":"https:\/\/www.orthodiakonia.de\/de\/wp-json\/wp\/v2\/media?parent=1145"}],"curies":[{"name":"wp","href":"https:\/\/api.w.org\/{rel}","templated":true}]}}