{"id":1168,"date":"2014-09-23T03:26:34","date_gmt":"2014-09-22T23:26:34","guid":{"rendered":"http:\/\/www.orthodiakonia.de\/?page_id=1168"},"modified":"2017-01-13T11:16:12","modified_gmt":"2017-01-13T10:16:12","slug":"berichtsbuch","status":"publish","type":"page","link":"https:\/\/www.orthodiakonia.de\/de\/ueber_uns\/berichtsbuch\/","title":{"rendered":"Berichtsbuch"},"content":{"rendered":"<h2>Bericht f\u00fcr das Jahr 2016 <\/h2>\n<p>In 2016 wurden <strong>127 497 Euro<\/strong> gesammelt: 114 214 Euro sind auf das Konto der Diakonie in Deutschland eingegangen, 8 515 Euro wurden \u00fcber Zusatzkonten in Deutschland und Russland, sowie \u00fcber PayPal gesammelt. 20 000 Euro wurden von deutschen Fonds gespendet. <\/p>\n<p>Aus den gesammelten Geldmitteln und aus dem Restbetrag des Vorjahres wurden <strong>149 500 Euro<\/strong> f\u00fcr die Behandlung von Kindern und Erwachsenen, sowie f\u00fcr die Unterst\u00fctzung der Familien mit schwerkranken Kindern in Deutschland, Russland und in der Ukraine verwendet: 2 163,41 Euro wurden f\u00fcr organisatorische Ausgaben der Diakonie, Veranstaltungen und Projekte verwendet.<\/p>\n<p>35 Sch\u00fctzlinge erhielten finanzielle und organisatorische Hilfe:  <\/p>\n<ol style=\"-moz-column-gap: 30; -moz-column-count: 2; -webkit-column-count: 2; -webkit-column-gap: 30; column-count: 2; column-gap: 30; font-size: 10pt;list-style-position: inside;\">\n<li>Artjom Leicht, aus Astana, 3 Jahre alt, Diagnose: spastische Paraparese 3. Grades, die linke K\u00f6rperh\u00e4lfte ist atrophiert\n<\/li>\n<li>Igor Senatorov aus Ekaterinburg, 10 Jahre alt, Neuroblastom Stadium IV\n<\/li>\n<li>Maksim Dukhnov aus Kiew, 7 Jahre alt, Medulloblastom\n<\/li>\n<li>Dana Aganesowa, 8 Monate alt, Herzfehler, Bypass\n<\/li>\n<li>Mischa Pawlega aus Odessa, 4 Jahre alt, Unterkiefersarkom, Nebennierenneuroblastom\n<\/li>\n<li>Warya Scheljagina aus Kasachstan, 3 Jahre alt, Retinoblastom (Netzhautkrebs)\n<\/li>\n<li>Andrej Derjugin, aus Ischewsk, 17 Jahre alt, Infantile Zerebralparese\n<\/li>\n<li>Natalia Dolmatowa, aus Perm, 11 Jahre alt, Hirntumor, Rezidiv\n<\/li>\n<li>Vika Vakatova aus Moskau, 7 Jahre alt, hohe Dislokation der H\u00fcftgelenke, progrediente Skoliose\n<\/li>\n<li>Lewon Avagzhanjan, aus der Region Stawropol, 2 Jahre und 7 Monate alt, Infantile Zerebralparese\n<\/li>\n<li>Aljona Ivanova, aus dem Gebiet Swerdlowsk, 1 Jahr und 8 Monate, akute lymphatische Leuk\u00e4mie\n<\/li>\n<li>Kostja Kovalev aus Moskau, 6 Jahre alt, Papillomen, HIV\n<\/li>\n<li>Maxim Rossikhin aus Moskau, 16 Jahre alt, FIRES Syndrom, Wachkoma\n<\/li>\n<li>Zakhar Kalinin, aus Pawlowski Possad, Moskau Gebiet, 10 Jahre alt, infantile Zerebralparese\n<\/li>\n<li>Maxim Baljuk, aus Kiew, 13 Jahre alt, Neuroblastom (+)\n<\/li>\n<li>Nikita Kucherenko, aus Nikolaew, 15 Jahre alt, infantile Zerebralparese, Gehirnzyste\n<\/li>\n<li>Anna Smolchenko aus Moskau, Herzfehler des Neugeborenen\n<\/li>\n<li>Andrej Dmitriew aus Enakievo, Donezk Gebiet, 9 Jahre alt, Wirbels\u00e4ulenverletzung\n<\/li>\n<li>Eldar Eldarov, aus Tschetschenien, 12 Jahre alt, infantile Zerebralparese\n<\/li>\n<li>Bogdan Belaschow, aus Donezk Gebiet, 3 Jahre alt, Crouzon-Syndrom (+)\n<\/li>\n<li>Walja Mikhaylowa, aus Rowno, 3 Jahre alt, Papillomatose des Larynx, Tracheostoma\n<\/li>\n<li>Sofia Dukaschowa, aus Rostow, 5 Jahre alt, Leuk\u00e4mie, Rezidiv\n<\/li>\n<li>Wanja Kotchnow, aus Donezk, 4 Jahre alt, infantile Zerebralparese\n<\/li>\n<li>Wladislaw Konowalow, 3 Jahre alt, aus Browara, aplastische An\u00e4mie\n<\/li>\n<li>Walerij Davyskuv, 16 Jahre alt, aus Lugansk, hypophosphat\u00e4mische Rahitis\n<\/li>\n<li>Anna Ionova aus Moskau, 11 Jahre alt, infantile Zerebralparese\n<\/li>\n<li>Daniil Bocharov aus Kazan, 17 Jahre alt, retroperitoneales Neuroblastom Stadium IV\n<\/li>\n<li>Artjom Mescherjakow aus Jelez, 5 Jahre alt, Erythrodermie\n<\/li>\n<li>Veronika Storscher, 4 Jahre alt, Herzfehler\n<\/li>\n<li>Gled Kazakow aus Penza, 5 Jahre alt, infantile Zerebralparese\n<\/li>\n<li>Erzpriester Nikolaj Uljahin, Diabetes, Prothese\n<\/li>\n<li>Wladislaw Sergeew, Krebs\n<\/li>\n<li>Elena F., Hepatitis C\n<\/li>\n<li>Daria Gussakowa, Amputation\n<\/li>\n<li>Aglaja Misowskaja, angeborene Lungenfehlbildung<\/li>\n<\/ol>\n<p>Weiterhin wurde vier Familien geholfen:<\/p>\n<ol style=\"-moz-column-gap: 30; -moz-column-count: 2; -webkit-column-count: 2; -webkit-column-gap: 30; column-count: 2; column-gap: 30; font-size: 10pt;list-style-position: inside;\">\n<li>Fam. Markow\n<\/li>\n<li>Fam. Alekseew\n<\/li>\n<li>Fam. Belyschew\n<\/li>\n<li>Fam. Mikhaylenko<\/li>\n<\/ol>\n<p>Das Waisenhaus in Wilnjansk in der Ukraine wurde unterst\u00fctzt.<\/p>\n<p>Im Jahr 2016 setzte die Russisch-Orthodoxe Diakonie zwei zus\u00e4tzliche Projekte um: <\/p>\n<p>1. Der Internationale Tag des Orthodoxen Ehrenamtlichen, der etwa 50 Ehrenamtliche aus vier L\u00e4ndern vereint hat<br \/>\n2. Erfahrungsaustausch der Ehrenamtlichen der Diakonie mit den Schwestern aus dem Moskauer Swjato-Dmitriewskoe-Utschilische (Ausbildungsst\u00e4tte f\u00fcr Krankenschwestern) und dem Martha-Maria-Kloster.<\/p>\n<hr \/>\n<h2>Bericht f\u00fcr das Jahr 2015<\/h2>\n<p>36 Sch\u00fctzlinge erhielten finanzielle oder organisatorische Hilfe:<\/p>\n<ol style=\"-moz-column-gap: 30; -moz-column-count: 3; -webkit-column-count: 3; -webkit-column-gap: 30; column-count: 3; column-gap: 30;font-size: 10pt;\">\n<li> Artjom Kowaljow, 7 Jahre, Altai-Gebiet (Russland), infantile Zerebralparese\n<\/li>\n<li> Daria Zawaruchina, 11 Jahre, Chelyabinsk, infantile Zerebralparese, Nierenversagen\n<\/li>\n<li> Denis Krasnikow, 11 Jahre, Voronezh, infantile Zerebralparese, beidseitige H\u00fcftgelenkluxation\n<\/li>\n<li> Jana Labun, 4 Jahre, Khakassia, Herzfehler\n<\/li>\n<li> Walerija Prozenko, 10 Monate, Lugansk, infantile Zerebralparese, Teilatrophie des Sehnervs\n<\/li>\n<li> Alexander Sanjukewitsch, Grodno (Wei\u00dfrussland), 5 Jahre, infantile Zerebralparese\n<\/li>\n<li> Pawel Sanjukewitsch, Grodno (Wei\u00dfrussland), 5 Jahre, infantile Zerebralparese\n<\/li>\n<li> Konstantin Kowaljow, 4 Jahre, aus einem Omsker Waisenhaus (Russland), HIV\n<\/li>\n<li> Daria Parchomenko, 7 Jahre, Omsk (Russland),  juvenile rheumatoide Arthritis mit Augenaffektion\n<\/li>\n<li> Julia Osokina, 11 Jahre, Charkiw (Urkaine),  Gehirntumor, Shuntabh\u00e4ngigkeit\n<\/li>\n<li> Diana Tamasjan, 11 Jahre, Nowosibirsk (Russland),  Neuroblastom\n<\/li>\n<li> Danil Iltschenko, 4 Jahre, Swjatogorsk (Ukraine),  Krebs\n<\/li>\n<li> Wladislaw Janewitsch, 20 Jahre, Schytomyr (Ukraine),  Kurzdarmsyndrom\n<\/li>\n<li> Anna Tschernikowa, 3 Jahre, Moskau,  Herzfehler\n<\/li>\n<li> Daria Julmetjewa, 18 Jahre, Moskau, vegetativer Zustand\n<\/li>\n<li> Eldar Eldar, 11 Jahre, von einer Fl\u00fcchtlingsfamilie,  infantile Zerebralparese\n<\/li>\n<li> Iwan Woronow, Schachtarsk (Ukraine), 9 Jahre, verlor infolge von einem Bombenangriff<br \/>\nbeide Beine, einen Arm und die Sehkraft\n<\/li>\n<li> Pawel Ischenko, 14 Jahre, Debalzewe (Ukraine), Beinbruch\n<\/li>\n<li> Dimae Gaidik,  4 Monate, Fl\u00fcchtlingsfamilie aus Antrazyt (Ukraine), doppelter Herzfehler\n<\/li>\n<li> Kirill Lisow, 9 Jahre, Donezker Region (Ukraine), Hirnabszesse\n<\/li>\n<li> Nikolai Gerasimow, 11 Jahre, Omsk, Krebs\n<\/li>\n<li> Dmitrij Sysoew, 2 Jahre, Tver Gebiet, Mukoviszidose\n<\/li>\n<li> Rostislaw Gasowskij, 4 Jahre,Makeyevka (Ukraine), akute lymphatische Leuk\u00e4mie\n<\/li>\n<li> Nikita Pimenow, 11 Jahre, Rostov-on-Don, Gehirntumor (Rezidiv)\n<\/li>\n<li> Julia Klym, 8 Jahre, Krimea, Neuroblastom\n<\/li>\n<li> Olga Sikirnizkaja, 16 Jahre, Odessa Gebiet, Wirbels\u00e4ulentumor\n<\/li>\n<li> Daniil Asichanow, 3 Jahre, Toliatti (Russland),  ZNS-Affektion, Epilepsie\n<\/li>\n<li> Nikita Kutscherenko, 15 Jahre, Mykolaiv(Ukraine),infantile Zerebralparese, Gehirnzyste\n<\/li>\n<li> Nikita Arsenjew, Murmansk (Russland), 5 Jahre, Herzrhythmusst\u00f6rungen\n<\/li>\n<li> Andrej Dmitriew, 9 Jahre, Enakiewo (Donezker Region, Ukraine), Schrapnell in der Wirbels\u00e4ule\n<\/li>\n<li> Anastasia Perzewa, 7 Jahre, Cheboksary (Russland), infantile Zerebralparese\n<\/li>\n<li> Andrej Lysenko, 5 Jahre, Saporischschja(Ukraine), Kurzdarmsyndrom\n<\/li>\n<li> Walerija Djatschenko, 3 Jahre, Saporischschja(Ukraine), Krebs\n<\/li>\n<li> Slavika Mihich, Slawika Michitsch, k\u00fcnstliche Beatmung\n<\/li>\n<li> Erzpriester Wasilij Sekachew\n<\/li>\n<li> Polina Chornjak<\/li>\n<\/ol>\n<p>Weiterhin wurde 9 Familien geholfen:<\/p>\n<ol style=\"-moz-column-gap: 30; -moz-column-count: 3; -webkit-column-count: 3; -webkit-column-gap: 30; column-count: 3; column-gap: 30;font-size: 10pt;\">\n<li>Michailenko<\/li>\n<li>Kremeznych<\/li>\n<li>Dmitrienko<\/li>\n<li>Kotschnowich<\/li>\n<li>Pelin<\/li>\n<li>Baljuk<\/li>\n<li>Sergeew<\/li>\n<li>Iltschenko<\/li>\n<li>Osokin<\/li>\n<\/ol>\n<p>Zwei Waisenh\u00e4user in der Ukraine (in Wilnjansk und in Mykolajiw) wurden unterst\u00fctzt.<\/p>\n<p>Im Jahr 2015 setzte die Russisch-Orthodoxe Diakonie zwei zus\u00e4tzliche Projekte um:<\/p>\n<ol>\n<li>Der erste in Deutschland durchgef\u00fchrte Tag des Orthodoxen Ehrenamtlichen, der etwa 70 Ehrenamtliche aus 4 L\u00e4ndern vereint hat<\/li>\n<li>Ein Praktikum in deutschen Altenheimen und Krankenh\u00e4usern, an dem sieben Schwestern aus dem Moskauer Swjato-Dmitriewskoe-Utschilische (Ausbildungsst\u00e4tte f\u00fcr Krankenschwestern) teilgenommen haben<\/li>\n<\/ol>\n<p>Im Jahr 2015 wurden <strong>93.772<\/strong> Euro gespendet: <\/p>\n<ul>\n<li>auf das deutsche Hauptkonto der Diakonie \u2013 80.463 Euro<\/li>\n<li>auf das Zusatzkonto \u2013 2.520 Euro<\/li>\n<li>auf das englische Konto \u2013 \u00a3 2.415  (3,360 Euro)<\/li>\n<li>auf das russische Konto \u2013 151 500 Rubel (1.766 Euro)<\/li>\n<li>via Paypal \u2013  2,928 Euro (wovon 56 Euro an Geb\u00fchren abgezogen wurden)<\/li>\n<li>Zus\u00e4tzlich wurden 2.735 Euro bar \u00fcbergeben<\/li>\n<\/ul>\n<p>Von den gesammelten Geldern wurden <strong>75.313<\/strong> Euro bereits verwendet:<\/p>\n<ul>\n<li>65.472 Euro wurden f\u00fcr Behandlungen kranker Kinder und Erwachsener bezahlt, die in Deutschland und Israel erfolgten <\/li>\n<li>3.263 Euro wurden f\u00fcr die Bezahlung von An- und Abreisen, Unterkunft, Medikamenten und \u00dcbersetzern verwendet<\/li>\n<li>7.110 Euro wurden f\u00fcr humanit\u00e4re Hilfe f\u00fcr Familien aus Russland, Wei\u00dfrussland und der Ukraine in schwierigen Lebenssituationen aufgebracht, in denen mindestens ein Familienmitglied krank ist<\/li>\n<li>943 Euro wurden f\u00fcr organisatorische Ausgaben der Diakonie, Beratungsgespr\u00e4che, Veranstaltungen und Projekte verwendet<\/li>\n<\/ul>\n<p>Zus\u00e4tzlich zu den aufgef\u00fchrten Betr\u00e4gen erhielten die Sch\u00fctzlinge der Diakonie, dank ihrer Bem\u00fchungen, <strong>93.000 Euro<\/strong> von deutschen Fonds und Wohlt\u00e4tigkeitsorganisationen. <\/p>\n<p><strong>Finanztabelle<\/strong><\/p>\n<table style=\"border: 3px solid brown; border-collapse: collapse;\">\n<tbody>\n<tr>\n<td><\/td>\n<td style=\"border: 1px solid red;\" >Deutsches Konto, Stuttgarter Gemeinde, \u20ac<\/td>\n<td style=\"border: 1px solid red;\">Deutsches Konto, Planet der Kinder, und pers\u00f6nliche Spenden,\u20ac<\/td>\n<td style=\"border: 1px solid red;\">\nPaypal,\u20ac<\/td>\n<td style=\"border: 1px solid red;\">\nRussisches Konto, \u20bd<\/td>\n<td style=\"border: 1px solid red;\">\nEnglisches Konto, \u00a3<\/td>\n<td style=\"border: 2px solid red;\">\nGesamt, \u20ac<\/td>\n<\/tr>\n<tr>\n<td style=\"border: 2px solid red;\">Spenden 2015<\/td>\n<td style=\"border: 1px solid red;\">80 462,58<\/td>\n<td style=\"border: 1px solid red;\">2 520<br \/>\n+<br \/>\n2 734,60<\/td>\n<td style=\"border: 1px solid red;\">2928,35<br \/>\n(2984-55,65)<\/td>\n<td style=\"border: 1px solid red;\">151.500<br \/>\n(=1766 \u20ac)<\/td>\n<td style=\"border: 1px solid red;\">2.415<br \/>\n(=3360 \u20ac)<\/td>\n<td style=\"border: 2px solid red;\">93.771,53<\/td>\n<\/tr>\n<tr>\n<td style=\"border: 2px solid red;\">Ausgaben<\/td>\n<td style=\"border: 1px solid red;\">Behandlung und humanit\u00e4re Hilfe f\u00fcr Familien,<br \/>\n67.327,06<\/td>\n<td style=\"border: 1px solid red;\">Humanit\u00e4re Hilfe<br \/>\n5.254,60<\/td>\n<td style=\"border: 1px solid red;\">Organisation<br \/>\n943,37<\/td>\n<td style=\"border: 1px solid red;\">Humanit\u00e4re Hilfe, \u00dcbersetzungen, Medikamente, Beratung<br \/>\n93.327<br \/>\n(=1088 \u20ac)<\/td>\n<td style=\"border: 1px solid red;\">539<br \/>\n(700 \u20ac)<\/td>\n<td style=\"border: 2px solid red;\">75 313,03<\/td>\n<\/tr>\n<tr>\n<td style=\"border: 2px solid red;\">Rest von 2015<\/td>\n<td style=\"border: 1px solid red;\">13.135,52<\/td>\n<td style=\"border: 1px solid red;\"><\/td>\n<td style=\"border: 1px solid red;\">1.984,98<\/td>\n<td style=\"border: 1px solid red;\">66.373<br \/>\n(= 678 \u20ac)<\/td>\n<td style=\"border: 1px solid red;\">1.876<br \/>\n(= 2660 \u20ac)<\/td>\n<td style=\"border: 2px solid red;\">18.458,50<\/td>\n<\/tr>\n<\/tbody>\n<\/table>\n<h2>Bericht f\u00fcr das Jahr 2014<\/h2>\n<p><strong><span style=\"font-family: arial,helvetica,sans-serif; font-size: 12pt;\">2014 wurden f\u00fcr 61 Kinder aus Russland, Ukraine, Wei\u00dfrussland, Usbekistan, Moldawien und Kasachstan Spendenaktionen zur Finanzierung von Therapien durchgef\u00fchrt sowie organisatorische Unterst\u00fctzung geleistet.<\/span><\/strong><\/p>\n<ol>\n<li><span style=\"font-family: arial,helvetica,sans-serif; font-size: 12pt;\">Artem Kovalev<\/span><\/li>\n<li><span style=\"font-family: arial,helvetica,sans-serif; font-size: 12pt;\">Angelina Mihajleko<\/span><\/li>\n<li><span style=\"font-family: arial,helvetica,sans-serif; font-size: 12pt;\">Serafim Korzhov<\/span><\/li>\n<li><span style=\"font-family: arial,helvetica,sans-serif; font-size: 12pt;\">Darina Tishkova<\/span><\/li>\n<li><span style=\"font-family: arial,helvetica,sans-serif; font-size: 12pt;\">Nastja Terlezkaja<\/span><\/li>\n<li><span style=\"font-family: arial,helvetica,sans-serif; font-size: 12pt;\">Katja Grafova<\/span><\/li>\n<li><span style=\"font-family: arial,helvetica,sans-serif; font-size: 12pt;\">Jana Veselova<\/span><\/li>\n<li><span style=\"font-family: arial,helvetica,sans-serif; font-size: 12pt;\">Maxim Baljuk<\/span><\/li>\n<li><span style=\"font-family: arial,helvetica,sans-serif; font-size: 12pt;\">Regina Nezhdanova<\/span><\/li>\n<li><span style=\"font-family: arial,helvetica,sans-serif; font-size: 12pt;\">Zahar Sambruskih<\/span><\/li>\n<li><span style=\"font-family: arial,helvetica,sans-serif; font-size: 12pt;\">Ksenija Markushevskaja<\/span><\/li>\n<li><span style=\"font-family: arial,helvetica,sans-serif; font-size: 12pt;\">Artem Shpitca<\/span><\/li>\n<li><span style=\"font-family: arial,helvetica,sans-serif; font-size: 12pt;\">Elena Rodina<\/span><\/li>\n<li><span style=\"font-family: arial,helvetica,sans-serif; font-size: 12pt;\">Emilia Kruse<\/span><\/li>\n<li><span style=\"font-family: arial,helvetica,sans-serif; font-size: 12pt;\">Tatjana Olhova<\/span><\/li>\n<li><span style=\"font-family: arial,helvetica,sans-serif; font-size: 12pt;\">Daniil Kulevzov<\/span><\/li>\n<li><span style=\"font-family: arial,helvetica,sans-serif; font-size: 12pt;\">Iva Jugrin<\/span><\/li>\n<li><span style=\"font-family: arial,helvetica,sans-serif; font-size: 12pt;\">Julia Klim<\/span><\/li>\n<li><span style=\"font-family: arial,helvetica,sans-serif; font-size: 12pt;\">Valeria Oblakova<\/span><\/li>\n<li><span style=\"font-family: arial,helvetica,sans-serif; font-size: 12pt;\">Elvina Alieva<\/span><\/li>\n<li><span style=\"font-family: arial,helvetica,sans-serif; font-size: 12pt;\">Olga Sukora<\/span><\/li>\n<li><span style=\"font-family: arial,helvetica,sans-serif; font-size: 12pt;\">Vladislav Sharovskij<\/span><\/li>\n<li><span style=\"font-family: arial,helvetica,sans-serif; font-size: 12pt;\">Darja Kalinina<\/span><\/li>\n<li><span style=\"font-family: arial,helvetica,sans-serif; font-size: 12pt;\">Adelina Zuganu<\/span><\/li>\n<li><span style=\"font-family: arial,helvetica,sans-serif; font-size: 12pt;\">Ekaterina Stark<\/span><\/li>\n<li><span style=\"font-family: arial,helvetica,sans-serif; font-size: 12pt;\">Maria Leontjeva<\/span><\/li>\n<li><span style=\"font-family: arial,helvetica,sans-serif; font-size: 12pt;\">Milana Krivko<\/span><\/li>\n<li><span style=\"font-family: arial,helvetica,sans-serif; font-size: 12pt;\">Egor Nizhaj<\/span><\/li>\n<li><span style=\"font-family: arial,helvetica,sans-serif; font-size: 12pt;\">Prohor Vorobjov<\/span><\/li>\n<li><span style=\"font-family: arial,helvetica,sans-serif; font-size: 12pt;\">Tahir Urunbaev<\/span><\/li>\n<li><span style=\"font-family: arial,helvetica,sans-serif; font-size: 12pt;\">Vika Vakatova<\/span><\/li>\n<li><span style=\"font-family: arial,helvetica,sans-serif; font-size: 12pt;\">German Baturlinskij<\/span><\/li>\n<li><span style=\"font-family: arial,helvetica,sans-serif; font-size: 12pt;\">Dasha Zavarukhina<\/span><\/li>\n<li><span style=\"font-family: arial,helvetica,sans-serif; font-size: 12pt;\">Egor Bozhenova<\/span><\/li>\n<li><span style=\"font-family: arial,helvetica,sans-serif; font-size: 12pt;\">Nikita Dudkin<\/span><\/li>\n<li><span style=\"font-family: arial,helvetica,sans-serif; font-size: 12pt;\">Bogdan Nutrikhin<\/span><\/li>\n<li><span style=\"font-family: arial,helvetica,sans-serif; font-size: 12pt;\">Oleg Bozhenov<\/span><\/li>\n<li><span style=\"font-family: arial,helvetica,sans-serif; font-size: 12pt;\">Nastja Mikula<\/span><\/li>\n<li><span style=\"font-family: arial,helvetica,sans-serif; font-size: 12pt;\">Denis Achmedzijanov<\/span><\/li>\n<li><span style=\"font-family: arial,helvetica,sans-serif; font-size: 12pt;\">Pasha Bobarykin<\/span><\/li>\n<li><span style=\"font-family: arial,helvetica,sans-serif; font-size: 12pt;\">Anechka Gubar<\/span><\/li>\n<li><span style=\"font-family: arial,helvetica,sans-serif; font-size: 12pt;\">Artem Rechvalski<\/span><\/li>\n<li><span style=\"font-family: arial,helvetica,sans-serif; font-size: 12pt;\">Daniil Podolskij<\/span><\/li>\n<li><span style=\"font-family: arial,helvetica,sans-serif; font-size: 12pt;\">Ervin Kadyrov<\/span><\/li>\n<li><span style=\"font-family: arial,helvetica,sans-serif; font-size: 12pt;\">Kostja Kovaljov<\/span><\/li>\n<li><span style=\"font-family: arial,helvetica,sans-serif; font-size: 12pt;\">Denis Krasnikov<\/span><\/li>\n<li><span style=\"font-family: arial,helvetica,sans-serif; font-size: 12pt;\">Dasha Parkhomenko<\/span><\/li>\n<li><span style=\"font-family: arial,helvetica,sans-serif; font-size: 12pt;\">Jana Labun<\/span><\/li>\n<li><span style=\"font-family: arial,helvetica,sans-serif; font-size: 12pt;\">Masha Potrjasaeva<\/span><\/li>\n<li><span style=\"font-family: arial,helvetica,sans-serif; font-size: 12pt;\">Masha Russijan<\/span><\/li>\n<li><span style=\"font-family: arial,helvetica,sans-serif; font-size: 12pt;\">Roma Kazantsev<\/span><\/li>\n<li><span style=\"font-family: arial,helvetica,sans-serif; font-size: 12pt;\">Sasha &amp; Pasha Sanjukevich<\/span><\/li>\n<li><span style=\"font-family: arial,helvetica,sans-serif; font-size: 12pt;\">Zulja Gassanova<\/span><\/li>\n<li><span style=\"font-family: arial,helvetica,sans-serif; font-size: 12pt;\">Dasha Julmetjeva<\/span><\/li>\n<li><span style=\"font-family: arial,helvetica,sans-serif; font-size: 12pt;\">Kostja Minebaev<\/span><\/li>\n<li><span style=\"font-family: arial,helvetica,sans-serif; font-size: 12pt;\">Andrej Vasin<\/span><\/li>\n<li><span style=\"font-family: arial,helvetica,sans-serif; font-size: 12pt;\">Denis Sviridenko<\/span><\/li>\n<li><span style=\"font-family: arial,helvetica,sans-serif; font-size: 12pt;\">Edik Kornishev<\/span><\/li>\n<li><span style=\"font-family: arial,helvetica,sans-serif; font-size: 12pt;\">Ivan Barabolja<\/span><\/li>\n<li><span style=\"font-family: arial,helvetica,sans-serif; font-size: 12pt;\">Timofej Pogorelyj<\/span><\/li>\n<li><span style=\"font-family: arial,helvetica,sans-serif; font-size: 12pt;\">Varja Sheljagina<\/span><\/li>\n<\/ol>\n<p><span style=\"font-family: arial,helvetica,sans-serif; font-size: 12pt;\">\u00a0Eine Unterst\u00fctzung von Volont\u00e4ren und \u00dcbersetzern erhielten ca. 100 Kinder in 9 St\u00e4dten Deutschland.<\/span><\/p>\n<p><span style=\"font-family: arial,helvetica,sans-serif; font-size: 12pt;\">Im Rahmen der Diakoniearbeit in Europa in 2014:<\/span><\/p>\n<p><span style=\"font-family: arial,helvetica,sans-serif; font-size: 12pt;\">Wurden 3 Benefizkonzerte (Darmstadt, Stuttgart, K\u00f6ln) durchgef\u00fchrt<\/span><\/p>\n<p><span style=\"font-family: arial,helvetica,sans-serif; font-size: 12pt;\">Fanden 4 Benefizm\u00e4rkte (Stuttgart, M\u00fcnchen Kleve) statt<\/span><\/p>\n<p><span style=\"font-family: arial,helvetica,sans-serif; font-size: 12pt;\">Wurde eine Benefizausstellung organisiert (Rotterdam)<\/span><\/p>\n<p><span style=\"font-family: arial,helvetica,sans-serif; font-size: 12pt;\">Wurden 40 Tonnen humanit\u00e4re Hilfe aus ganz Deutschland f\u00fcr Kinder in der Ukraine gesammelt<\/span><\/p>\n<p><span style=\"font-family: arial,helvetica,sans-serif; font-size: 12pt;\">35 Tausend Euro wurden f\u00fcr die Therapie gespendet<\/span><\/p>\n<p><span style=\"font-family: arial,helvetica,sans-serif; font-size: 12pt;\">50 Tausend Euro spendeten deutsche Fonds<\/span><\/p>\n<p><span style=\"font-family: arial,helvetica,sans-serif; font-size: 12pt;\">Circa 300 Menschen nahmen an der Volont\u00e4rarbeit teil<\/span><\/p>\n","protected":false},"excerpt":{"rendered":"<p>Bericht f\u00fcr das Jahr 2016 In 2016 wurden 127 497 Euro gesammelt: 114 214 Euro sind auf das Konto der Diakonie in Deutschland eingegangen, 8 515 Euro wurden \u00fcber Zusatzkonten in Deutschland und Russland, sowie \u00fcber PayPal gesammelt. 20 000 Euro wurden von deutschen Fonds gespendet. Aus den gesammelten Geldmitteln und aus dem Restbetrag des Vorjahres wurden 149 500 Euro f\u00fcr die Behandlung von Kindern und Erwachsenen, sowie f\u00fcr die&#8230;<a href=\"https:\/\/www.orthodiakonia.de\/de\/ueber_uns\/berichtsbuch\/\" class=\"read_link\"><span>weiterlesen<\/span><\/a><\/p>\n","protected":false},"author":11,"featured_media":0,"parent":198,"menu_order":5,"comment_status":"closed","ping_status":"closed","template":"","meta":{"_monsterinsights_skip_tracking":false,"_monsterinsights_sitenote_active":false,"_monsterinsights_sitenote_note":"","_monsterinsights_sitenote_category":0,"footnotes":""},"class_list":["post-1168","page","type-page","status-publish","hentry"],"_links":{"self":[{"href":"https:\/\/www.orthodiakonia.de\/de\/wp-json\/wp\/v2\/pages\/1168","targetHints":{"allow":["GET"]}}],"collection":[{"href":"https:\/\/www.orthodiakonia.de\/de\/wp-json\/wp\/v2\/pages"}],"about":[{"href":"https:\/\/www.orthodiakonia.de\/de\/wp-json\/wp\/v2\/types\/page"}],"author":[{"embeddable":true,"href":"https:\/\/www.orthodiakonia.de\/de\/wp-json\/wp\/v2\/users\/11"}],"replies":[{"embeddable":true,"href":"https:\/\/www.orthodiakonia.de\/de\/wp-json\/wp\/v2\/comments?post=1168"}],"version-history":[{"count":2,"href":"https:\/\/www.orthodiakonia.de\/de\/wp-json\/wp\/v2\/pages\/1168\/revisions"}],"predecessor-version":[{"id":9672,"href":"https:\/\/www.orthodiakonia.de\/de\/wp-json\/wp\/v2\/pages\/1168\/revisions\/9672"}],"up":[{"embeddable":true,"href":"https:\/\/www.orthodiakonia.de\/de\/wp-json\/wp\/v2\/pages\/198"}],"wp:attachment":[{"href":"https:\/\/www.orthodiakonia.de\/de\/wp-json\/wp\/v2\/media?parent=1168"}],"curies":[{"name":"wp","href":"https:\/\/api.w.org\/{rel}","templated":true}]}}