{"id":1243,"date":"2014-09-23T03:48:31","date_gmt":"2014-09-22T23:48:31","guid":{"rendered":"http:\/\/www.orthodiakonia.de\/?page_id=1243"},"modified":"2014-12-23T02:27:03","modified_gmt":"2014-12-22T22:27:03","slug":"forum","status":"publish","type":"page","link":"https:\/\/www.orthodiakonia.de\/de\/forum\/","title":{"rendered":"Forum"},"content":{"rendered":"<p>Anderen zu helfen ist eine uns alle betreffende Aufgabe! Wir begr\u00fc\u00dfen Sie in unserem Forum! Hier k\u00f6nnen Sie sich \u00fcber bevorstehende Ereignisse informieren sowie neue bekanntgeben, eine n\u00fctzliche Anzeige finden oder erstellen, Erfahrungen teilen oder um Rat bitten.<\/p>\n","protected":false},"excerpt":{"rendered":"<p>Anderen zu helfen ist eine uns alle betreffende Aufgabe! Wir begr\u00fc\u00dfen Sie in unserem Forum! Hier k\u00f6nnen Sie sich \u00fcber bevorstehende Ereignisse informieren sowie neue bekanntgeben, eine n\u00fctzliche Anzeige finden oder erstellen, Erfahrungen teilen oder um Rat bitten.<\/p>\n","protected":false},"author":11,"featured_media":0,"parent":0,"menu_order":0,"comment_status":"closed","ping_status":"closed","template":"","meta":{"_monsterinsights_skip_tracking":false,"_monsterinsights_sitenote_active":false,"_monsterinsights_sitenote_note":"","_monsterinsights_sitenote_category":0,"footnotes":""},"class_list":["post-1243","page","type-page","status-publish","hentry"],"_links":{"self":[{"href":"https:\/\/www.orthodiakonia.de\/de\/wp-json\/wp\/v2\/pages\/1243","targetHints":{"allow":["GET"]}}],"collection":[{"href":"https:\/\/www.orthodiakonia.de\/de\/wp-json\/wp\/v2\/pages"}],"about":[{"href":"https:\/\/www.orthodiakonia.de\/de\/wp-json\/wp\/v2\/types\/page"}],"author":[{"embeddable":true,"href":"https:\/\/www.orthodiakonia.de\/de\/wp-json\/wp\/v2\/users\/11"}],"replies":[{"embeddable":true,"href":"https:\/\/www.orthodiakonia.de\/de\/wp-json\/wp\/v2\/comments?post=1243"}],"version-history":[{"count":0,"href":"https:\/\/www.orthodiakonia.de\/de\/wp-json\/wp\/v2\/pages\/1243\/revisions"}],"wp:attachment":[{"href":"https:\/\/www.orthodiakonia.de\/de\/wp-json\/wp\/v2\/media?parent=1243"}],"curies":[{"name":"wp","href":"https:\/\/api.w.org\/{rel}","templated":true}]}}