{"id":198,"date":"2013-12-17T00:40:16","date_gmt":"2013-12-16T20:40:16","guid":{"rendered":"http:\/\/www.orthodiakonia.de\/?page_id=198"},"modified":"2015-11-27T20:47:20","modified_gmt":"2015-11-27T19:47:20","slug":"ueber_uns","status":"publish","type":"page","link":"https:\/\/www.orthodiakonia.de\/de\/ueber_uns\/","title":{"rendered":"\u00dcber uns"},"content":{"rendered":"<p style=\"font-size: 10pt; position: relative; left: 50%; width: 400px;\" ><em>Was n\u00fctzt es, meine Br\u00fcder, wenn jemand sagt, er habe Glauben, hat aber keine Werke? Kann etwa der Glaube ihn retten?<br \/>\nWenn aber ein Bruder oder eine Schwester d\u00fcrftig gekleidet ist und der t\u00e4glichen Nahrung entbehrt, aber jemand unter euch spricht zu ihnen: Geht hin in Frieden, w\u00e4rmt euch und s\u00e4ttigt euch!, ihr gebt ihnen aber nicht das f\u00fcr den Leib Notwendige, was n\u00fctzt es? So ist auch der Glaube, wenn er keine Werke hat, in sich selbst tot. Es wird aber jemand sagen: Du hast Glauben, und ich habe Werke. Zeige mir deinen Glauben ohne Werke, und ich werde dir aus meinen Werken den Glauben zeigen!<br \/>\n<strong> &nbsp;&nbsp; Jak. 2, 14-18 (Elberfelder-\u00dcbersetzung)<\/strong><\/p>\n<p><\/p>\n<div>Schon seit einigen Jahren unterst\u00fctzt eine Reihe russisch-orthodoxer Kirchen in Deutschland russischsprachige Kinder und ihre Eltern, die f\u00fcr eine Behandlung nach Deutschland kommen. In der Regel sind diese Kinder schwer krank und die Eltern (bzw. oftmals die M\u00fctter), die mit ihren Kindern aus Russland, der Ukraine, Wei\u00dfrussland und anderen L\u00e4ndern der ehemaligen UdSSR nach Deutschland kommen, finden sich hier in sehr eingeengten, fast schon unertr\u00e4glichen Verh\u00e4ltnissen wieder, ohne Sprache, ohne guten Rat, ohne Freunde und Bekannte.<\/div>\n<p><\/p>\n<div>Es w\u00e4re w\u00fcnschenswert, dass diese, f\u00fcr unsere Kirchen in Deutschland, so selbstverst\u00e4ndliche Initiative sich weiter entwickelt und sich \u00fcber alle Gemeinden beider Di\u00f6zesen verteilt. Der Dienst am N\u00e4chsten \u2013 auf Griechisch Diakonia \u2013 ist eine nat\u00fcrliche Fortsetzung der Liturgie. M\u00f6ge Gott es gew\u00e4hren, dass sich diesem Tun auch weiterhin viele w\u00fcrdige Helfer anschlie\u00dfen.<\/div>\n<div><\/div>\n<p><\/p>\n<p align=\"right\"><img decoding=\"async\" src=\"..\/..\/wp-content\/uploads\/2015\/09\/FrIlya.png\" width=\"100\"\/><strong>Erzpriester Ilya Limberger<br \/>\n&nbsp;Sankt-Nikolaus Kathedrale,<br \/>\nStuttgart<\/strong><\/p>\n<p><\/em><\/p>\n","protected":false},"excerpt":{"rendered":"<p>Was n\u00fctzt es, meine Br\u00fcder, wenn jemand sagt, er habe Glauben, hat aber keine Werke? Kann etwa der Glaube ihn retten? Wenn aber ein Bruder oder eine Schwester d\u00fcrftig gekleidet ist und der t\u00e4glichen Nahrung entbehrt, aber jemand unter euch spricht zu ihnen: Geht hin in Frieden, w\u00e4rmt euch und s\u00e4ttigt euch!, ihr gebt ihnen aber nicht das f\u00fcr den Leib Notwendige, was n\u00fctzt es? So ist auch der Glaube,&#8230;<a href=\"https:\/\/www.orthodiakonia.de\/de\/ueber_uns\/\" class=\"read_link\"><span>weiterlesen<\/span><\/a><\/p>\n","protected":false},"author":1,"featured_media":0,"parent":0,"menu_order":1,"comment_status":"closed","ping_status":"closed","template":"","meta":{"_monsterinsights_skip_tracking":false,"_monsterinsights_sitenote_active":false,"_monsterinsights_sitenote_note":"","_monsterinsights_sitenote_category":0,"footnotes":""},"class_list":["post-198","page","type-page","status-publish","hentry"],"_links":{"self":[{"href":"https:\/\/www.orthodiakonia.de\/de\/wp-json\/wp\/v2\/pages\/198","targetHints":{"allow":["GET"]}}],"collection":[{"href":"https:\/\/www.orthodiakonia.de\/de\/wp-json\/wp\/v2\/pages"}],"about":[{"href":"https:\/\/www.orthodiakonia.de\/de\/wp-json\/wp\/v2\/types\/page"}],"author":[{"embeddable":true,"href":"https:\/\/www.orthodiakonia.de\/de\/wp-json\/wp\/v2\/users\/1"}],"replies":[{"embeddable":true,"href":"https:\/\/www.orthodiakonia.de\/de\/wp-json\/wp\/v2\/comments?post=198"}],"version-history":[{"count":0,"href":"https:\/\/www.orthodiakonia.de\/de\/wp-json\/wp\/v2\/pages\/198\/revisions"}],"wp:attachment":[{"href":"https:\/\/www.orthodiakonia.de\/de\/wp-json\/wp\/v2\/media?parent=198"}],"curies":[{"name":"wp","href":"https:\/\/api.w.org\/{rel}","templated":true}]}}