{"id":2849,"date":"2014-12-24T00:57:42","date_gmt":"2014-12-23T20:57:42","guid":{"rendered":"http:\/\/www.orthodiakonia.de\/?page_id=2849"},"modified":"2015-01-01T16:04:50","modified_gmt":"2015-01-01T15:04:50","slug":"wir_helfen","status":"publish","type":"page","link":"https:\/\/www.orthodiakonia.de\/de\/wir_helfen\/","title":{"rendered":"Wir helfen"},"content":{"rendered":"<p><span style=\"font-size: 16pt;\"><strong>Wir helfen<\/strong><\/span><\/p>\n<p><span style=\"font-family: arial, helvetica, sans-serif; font-size: 12pt;\">In erster Stelle gilt unsere Sorge kranken Kindern, die aus den ehemaligen UdSSR-L\u00e4ndern zur Behandlung nach Europa kommen.<\/span><\/p>\n<p><span style=\"font-family: arial, helvetica, sans-serif; font-size: 12pt;\">Jedes Jahr kommen nach Deutschland von 5 bis 15 Tausend Patienten aus Russland und aus den GUS-Staaten zur Behandlung.<\/span><\/p>\n<p><span style=\"font-family: arial, helvetica, sans-serif; font-size: 12pt;\"><strong>\u00a0<\/strong><\/span><strong>\u00a0<\/strong><\/p>\n<p><span style=\"font-family: arial, helvetica, sans-serif; font-size: 12pt;\"><strong>Leitlinien<\/strong><\/span><\/p>\n<ul style=\"list-style-type: disc;\">\n<li><span style=\"font-family: arial, helvetica, sans-serif; font-size: 12pt;\">Unterst\u00fctzung w\u00e4hrend der Therapie seitens der Volont\u00e4re<\/span><\/li>\n<li><span style=\"font-family: arial, helvetica, sans-serif; font-size: 12pt;\">Organisation des Therapieablaufs<\/span><\/li>\n<li><span style=\"font-family: arial, helvetica, sans-serif; font-size: 12pt;\">Geldsammelaktionen<\/span><\/li>\n<li><span style=\"font-family: arial, helvetica, sans-serif; font-size: 12pt;\">Psychologische, rechtliche und andere professionelle Unterst\u00fctzung<\/span><\/li>\n<li><span style=\"font-family: arial, helvetica, sans-serif; font-size: 12pt;\">\u00dcbersetzungen<\/span><\/li>\n<li><span style=\"font-family: arial, helvetica, sans-serif; font-size: 12pt;\">Geistliche Unterst\u00fctzu<\/span>ng<\/li>\n<\/ul>\n<p>&nbsp;<\/p>\n<p><span style=\"font-family: arial, helvetica, sans-serif; font-size: 12pt;\"><strong>Wie das funktioniert<\/strong><\/span><\/p>\n<p><span style=\"font-family: arial, helvetica, sans-serif; font-size: 12pt;\">Diakonische Gruppen in den Gemeinden nehmen n\u00e4chstliegende Kliniken, in denen russischsprachige Kinder behandelt werden, unter ihre Obhut.<\/span><\/p>\n<p><span style=\"font-family: arial, helvetica, sans-serif; font-size: 12pt;\">Informationen \u00fcber die Kinder kommen von der Klinik oder von Hauptkoordinator der Diakonie.<\/span><\/p>\n<p><span style=\"font-family: arial, helvetica, sans-serif; font-size: 12pt;\">Lokal arbeitende Gruppen aktualisieren st\u00e4ndig die Datenbank und senden dem Hauptkoordinator Berichte \u00fcber einen gemeinsamen Newsletter.<\/span><\/p>\n<p><span style=\"font-family: arial, helvetica, sans-serif; font-size: 12pt;\">Die Diakonie arbeitet zusammen mit Gruppen von Ehrenamtlichen, Stiftungen und Wohlt\u00e4tigkeitsorganisationen.<\/span><\/p>\n","protected":false},"excerpt":{"rendered":"<p>Wir helfen In erster Stelle gilt unsere Sorge kranken Kindern, die aus den ehemaligen UdSSR-L\u00e4ndern zur Behandlung nach Europa kommen. Jedes Jahr kommen nach Deutschland von 5 bis 15 Tausend Patienten aus Russland und aus den GUS-Staaten zur Behandlung. \u00a0\u00a0 Leitlinien Unterst\u00fctzung w\u00e4hrend der Therapie seitens der Volont\u00e4re Organisation des Therapieablaufs Geldsammelaktionen Psychologische, rechtliche und andere professionelle Unterst\u00fctzung \u00dcbersetzungen Geistliche Unterst\u00fctzung &nbsp; Wie das funktioniert Diakonische Gruppen in den Gemeinden&#8230;<a href=\"https:\/\/www.orthodiakonia.de\/de\/wir_helfen\/\" class=\"read_link\"><span>weiterlesen<\/span><\/a><\/p>\n","protected":false},"author":11,"featured_media":0,"parent":0,"menu_order":0,"comment_status":"closed","ping_status":"closed","template":"","meta":{"_monsterinsights_skip_tracking":false,"_monsterinsights_sitenote_active":false,"_monsterinsights_sitenote_note":"","_monsterinsights_sitenote_category":0,"footnotes":""},"class_list":["post-2849","page","type-page","status-publish","hentry"],"_links":{"self":[{"href":"https:\/\/www.orthodiakonia.de\/de\/wp-json\/wp\/v2\/pages\/2849","targetHints":{"allow":["GET"]}}],"collection":[{"href":"https:\/\/www.orthodiakonia.de\/de\/wp-json\/wp\/v2\/pages"}],"about":[{"href":"https:\/\/www.orthodiakonia.de\/de\/wp-json\/wp\/v2\/types\/page"}],"author":[{"embeddable":true,"href":"https:\/\/www.orthodiakonia.de\/de\/wp-json\/wp\/v2\/users\/11"}],"replies":[{"embeddable":true,"href":"https:\/\/www.orthodiakonia.de\/de\/wp-json\/wp\/v2\/comments?post=2849"}],"version-history":[{"count":0,"href":"https:\/\/www.orthodiakonia.de\/de\/wp-json\/wp\/v2\/pages\/2849\/revisions"}],"wp:attachment":[{"href":"https:\/\/www.orthodiakonia.de\/de\/wp-json\/wp\/v2\/media?parent=2849"}],"curies":[{"name":"wp","href":"https:\/\/api.w.org\/{rel}","templated":true}]}}